{"id":12123,"date":"2023-10-19T15:39:32","date_gmt":"2023-10-19T12:39:32","guid":{"rendered":"https:\/\/kvmmuhendislik.com\/enerji\/"},"modified":"2023-10-29T01:23:10","modified_gmt":"2023-10-28T22:23:10","slug":"energy","status":"publish","type":"page","link":"https:\/\/kvmmuhendislik.com\/en\/energy\/","title":{"rendered":"Energy"},"content":{"rendered":"\t\t<div data-elementor-type=\"wp-page\" data-elementor-id=\"12123\" class=\"elementor elementor-12123 elementor-11339\" data-elementor-post-type=\"page\">\n\t\t\t\t<div class=\"elementor-element elementor-element-76b6861 e-con-full e-flex e-con e-parent\" data-id=\"76b6861\" data-element_type=\"container\">\n\t\t<div class=\"elementor-element elementor-element-0f5db34 e-con-full e-flex e-con e-child\" data-id=\"0f5db34\" data-element_type=\"container\" data-settings=\"{&quot;background_background&quot;:&quot;classic&quot;}\">\n\t\t\t\t<\/div>\n\t\t<div class=\"elementor-element elementor-element-6cd03a2 e-con-full e-flex e-con e-child\" data-id=\"6cd03a2\" data-element_type=\"container\" data-settings=\"{&quot;background_background&quot;:&quot;classic&quot;}\">\n\t\t\t\t<div class=\"elementor-element elementor-element-c3b42ef elementor-widget elementor-widget-text-editor\" data-id=\"c3b42ef\" data-element_type=\"widget\" data-widget_type=\"text-editor.default\">\n\t\t\t\t<div class=\"elementor-widget-container\">\n\t\t\t\t\t\t\t<p>KvM Engineering and Consultancy provides services in hydroelectric power plants as its main service area in the energy sector.<\/p><p>Our company, which works with its experienced staff starting from preliminary examination, examination, feasibility, preparation of final project and application project, control and consultancy of projects at different stages, offers engineering and consultancy services at every stage.<br \/>In addition to preparing financial analysis, economic analysis and investment analysis of investments, consultancy services are also provided to banks and other credit institutions.<\/p>\t\t\t\t\t\t<\/div>\n\t\t\t\t<\/div>\n\t\t\t\t<div class=\"elementor-element elementor-element-4437894 elementor-widget elementor-widget-ld_accordion\" data-id=\"4437894\" data-element_type=\"widget\" data-widget_type=\"ld_accordion.default\">\n\t\t\t\t<div class=\"elementor-widget-container\">\n\t\t\t\n\t\t<div class=\"accordion accordion-sm\" id=\"accordion-6a0444f27a62f\" role=\"tablist\" aria-multiselectable=\"true\">\n\t\t\t\t\t\t\t\t\t\t\t\t<div class=\"accordion-item panel \">\n\n\t\t\t\t<div class=\"accordion-heading\" role=\"tab\" id=\"heading-7151\">\n\t\t\t\t<h4 class=\"accordion-title  tabindex=\"-1\">\t\t\t\t\t<a class=\"collapsed\" role=\"button\" data-toggle=\"collapse\" data-bs-toggle=\"collapse\"\n                    tabindex=\"0\"\n\t\t\t\t\tdata-parent=\"#accordion-6a0444f27a62f\" data-bs-parent=\"#accordion-6a0444f27a62f\" href=\"#collapse-7151\" data-target=\"#collapse-7151\" data-bs-target=\"#collapse-7151\"\n\t\t\t\t\taria-expanded=\"false\" aria-controls=\"collapse-7151\">\n\t\t\t\t\t\t\t\t\t\t\t\t<span class=\"accordion-title-txt\">Hydroelectric Power Plants<\/span>\n\t\t\t\t\t\t\t\t\t\t\t\t\t<span class=\"accordion-expander\"><i class=\"fa fa-chevron-down\"><\/i><i class=\"fa fa-chevron-up\"><\/i><\/span>\t\t\t\t\t\t\t\t\t\t\t<\/a>\n\t\t\t\t<\/h4>\t\t\t\t<\/div>\n\n\t\t\t\t<div id=\"collapse-7151\" class=\"accordion-collapse collapse \" data-bs-parent=\"#accordion-6a0444f27a62f\" role=\"tabpanel\" aria-labelledby=\"heading-7151\">\n\n\t\t\t\t<div class=\"accordion-content\">\n\t\t\t\t\tKvM Engineering and Consultancy provides services with its expert staff in HEPP projects, starting from the preliminary examination of hydroelectric power plant projects of all sizes, preparing examination reports, feasibility reports, final project, application project construction and writing specifications.\nOur company designs micro HEPPs (less than 1 MW), river type hydroelectric power plants with and without storage, and all kinds of structures related to these facilities, and produces special solutions for each project, taking into account the needs of investors.\n\t\t\t\t<\/div>\n\n\t\t\t\t<\/div>\n\n\t\t\t<\/div>\n\t\t\t\t\t\t\n\t\t<\/div>\n\n\t\t\t\t<\/div>\n\t\t\t\t<\/div>\n\t\t\t\t<\/div>\n\t\t\t\t<\/div>\n\t\t<div class=\"elementor-element elementor-element-db865d7 e-flex e-con-boxed e-con e-parent\" data-id=\"db865d7\" data-element_type=\"container\">\n\t\t\t\t\t<div class=\"e-con-inner\">\n\t\t\t\t<div class=\"elementor-element elementor-element-fd0e0a9 elementor-widget elementor-widget-heading\" data-id=\"fd0e0a9\" data-element_type=\"widget\" data-widget_type=\"heading.default\">\n\t\t\t\t<div class=\"elementor-widget-container\">\n\t\t\t<h2 class=\"elementor-heading-title elementor-size-default\">Work with the best before investing or making a decision<\/h2>\t\t<\/div>\n\t\t\t\t<\/div>\n\t\t\t\t<div class=\"elementor-element elementor-element-6ff96d6 elementor-widget elementor-widget-heading\" data-id=\"6ff96d6\" data-element_type=\"widget\" data-widget_type=\"heading.default\">\n\t\t\t\t<div class=\"elementor-widget-container\">\n\t\t\t<h4 class=\"elementor-heading-title elementor-size-default\">Proceed with us at every stage of your investment<\/h4>\t\t<\/div>\n\t\t\t\t<\/div>\n\t\t\t\t<div class=\"elementor-element elementor-element-53233e4 elementor-widget elementor-widget-text-editor\" data-id=\"53233e4\" data-element_type=\"widget\" data-widget_type=\"text-editor.default\">\n\t\t\t\t<div class=\"elementor-widget-container\">\n\t\t\t\t\t\t\tEnsure that your energy investment is carried out in a planned and beneficial manner, in accordance with its purpose, efficiently, and adaptably to the field situation, taking into account the needs of different disciplines.\t\t\t\t\t\t<\/div>\n\t\t\t\t<\/div>\n\t\t\t\t<div class=\"elementor-element elementor-element-c63b012 elementor-widget-divider--view-line elementor-widget elementor-widget-divider\" data-id=\"c63b012\" data-element_type=\"widget\" data-widget_type=\"divider.default\">\n\t\t\t\t<div class=\"elementor-widget-container\">\n\t\t\t\t\t<div class=\"elementor-divider\">\n\t\t\t<span class=\"elementor-divider-separator\">\n\t\t\t\t\t\t<\/span>\n\t\t<\/div>\n\t\t\t\t<\/div>\n\t\t\t\t<\/div>\n\t\t\t\t\t<\/div>\n\t\t\t\t<\/div>\n\t\t<div class=\"elementor-element elementor-element-576326e e-flex e-con-boxed e-con e-parent\" data-id=\"576326e\" data-element_type=\"container\">\n\t\t\t\t\t<div class=\"e-con-inner\">\n\t\t<div class=\"elementor-element elementor-element-02f35f4 e-con-full e-flex e-con e-child\" data-id=\"02f35f4\" data-element_type=\"container\">\n\t\t\t\t<div class=\"elementor-element elementor-element-f49e8ff elementor-widget elementor-widget-heading\" data-id=\"f49e8ff\" data-element_type=\"widget\" data-widget_type=\"heading.default\">\n\t\t\t\t<div class=\"elementor-widget-container\">\n\t\t\t<h4 class=\"elementor-heading-title elementor-size-default\">Feasibility, Preliminary Evaluation<\/h4>\t\t<\/div>\n\t\t\t\t<\/div>\n\t\t\t\t<div class=\"elementor-element elementor-element-557d9a0 elementor-widget elementor-widget-spacer\" data-id=\"557d9a0\" data-element_type=\"widget\" data-widget_type=\"spacer.default\">\n\t\t\t\t<div class=\"elementor-widget-container\">\n\t\t\t\t\t<div class=\"elementor-spacer\">\n\t\t\t<div class=\"elementor-spacer-inner\"><\/div>\n\t\t<\/div>\n\t\t\t\t<\/div>\n\t\t\t\t<\/div>\n\t\t\t\t<div class=\"elementor-element elementor-element-713679e elementor-widget elementor-widget-text-editor\" data-id=\"713679e\" data-element_type=\"widget\" data-widget_type=\"text-editor.default\">\n\t\t\t\t<div class=\"elementor-widget-container\">\n\t\t\t\t\t\t\tTake your first step in the right direction with us. Decide on investment with a realistic process by calculating realistic analysis, feasibility, manufacturability, economic reality and most importantly, reliable energy production.\t\t\t\t\t\t<\/div>\n\t\t\t\t<\/div>\n\t\t\t\t<\/div>\n\t\t<div class=\"elementor-element elementor-element-f061e94 e-con-full e-flex e-con e-child\" data-id=\"f061e94\" data-element_type=\"container\">\n\t\t\t\t<div class=\"elementor-element elementor-element-bca3862 elementor-widget elementor-widget-heading\" data-id=\"bca3862\" data-element_type=\"widget\" data-widget_type=\"heading.default\">\n\t\t\t\t<div class=\"elementor-widget-container\">\n\t\t\t<h4 class=\"elementor-heading-title elementor-size-default\">Final Design \u2013 Detailed Design <\/h4>\t\t<\/div>\n\t\t\t\t<\/div>\n\t\t\t\t<div class=\"elementor-element elementor-element-ea9e4ad elementor-widget elementor-widget-spacer\" data-id=\"ea9e4ad\" data-element_type=\"widget\" data-widget_type=\"spacer.default\">\n\t\t\t\t<div class=\"elementor-widget-container\">\n\t\t\t\t\t<div class=\"elementor-spacer\">\n\t\t\t<div class=\"elementor-spacer-inner\"><\/div>\n\t\t<\/div>\n\t\t\t\t<\/div>\n\t\t\t\t<\/div>\n\t\t\t\t<div class=\"elementor-element elementor-element-cf80812 elementor-widget elementor-widget-text-editor\" data-id=\"cf80812\" data-element_type=\"widget\" data-widget_type=\"text-editor.default\">\n\t\t\t\t<div class=\"elementor-widget-container\">\n\t\t\t\t\t\t\tProperly designed, compatible with geological, topographic and economic requirments. Let&#8217;s work together on your projects, with all alternatives evaluated and technical requirements met.\nLet&#8217;s produce timely and reliable solutions according to changing field conditions and implement projects together in the best way.\t\t\t\t\t\t<\/div>\n\t\t\t\t<\/div>\n\t\t\t\t<\/div>\n\t\t<div class=\"elementor-element elementor-element-4f8f3d7 e-con-full e-flex e-con e-child\" data-id=\"4f8f3d7\" data-element_type=\"container\">\n\t\t\t\t<div class=\"elementor-element elementor-element-9225bb1 elementor-widget elementor-widget-heading\" data-id=\"9225bb1\" data-element_type=\"widget\" data-widget_type=\"heading.default\">\n\t\t\t\t<div class=\"elementor-widget-container\">\n\t\t\t<h4 class=\"elementor-heading-title elementor-size-default\">Evaluation<\/h4>\t\t<\/div>\n\t\t\t\t<\/div>\n\t\t\t\t<div class=\"elementor-element elementor-element-af1a4d2 elementor-widget elementor-widget-spacer\" data-id=\"af1a4d2\" data-element_type=\"widget\" data-widget_type=\"spacer.default\">\n\t\t\t\t<div class=\"elementor-widget-container\">\n\t\t\t\t\t<div class=\"elementor-spacer\">\n\t\t\t<div class=\"elementor-spacer-inner\"><\/div>\n\t\t<\/div>\n\t\t\t\t<\/div>\n\t\t\t\t<\/div>\n\t\t\t\t<div class=\"elementor-element elementor-element-449b244 elementor-widget elementor-widget-text-editor\" data-id=\"449b244\" data-element_type=\"widget\" data-widget_type=\"text-editor.default\">\n\t\t\t\t<div class=\"elementor-widget-container\">\n\t\t\t\t\t\t\tYou can work with us to analyze active-working projects, evaluate them objectively, analyze them and determine their existing situation. Report them with us to credit institutions or investors, enable us to list additional investment req. and renewal opportunities and make evaluations with us and our comprehensive reports.\t\t\t\t\t\t<\/div>\n\t\t\t\t<\/div>\n\t\t\t\t<\/div>\n\t\t\t\t\t<\/div>\n\t\t\t\t<\/div>\n\t\t<div class=\"elementor-element elementor-element-062b736 e-flex e-con-boxed e-con e-parent\" data-id=\"062b736\" data-element_type=\"container\">\n\t\t\t\t\t<div class=\"e-con-inner\">\n\t\t\t\t<div class=\"elementor-element elementor-element-6872573 elementor-widget elementor-widget-ld_tabs\" data-id=\"6872573\" data-element_type=\"widget\" data-widget_type=\"ld_tabs.default\">\n\t\t\t\t<div class=\"elementor-widget-container\">\n\t\t\t\t\t<div class=\"lqd-tabs lqd-tabs-style-3 lqd-tabs-nav-iconbox lqd-tabs-nav-items-not-expanded  6872573 lqd-nav-underline-\" data-tabs-options=\"{&quot;trigger&quot;:&quot;click&quot;}\">\n\n\t\t\t<nav class=\"lqd-tabs-nav-wrap mb-5\">\n\t\t\t\t<ul class=\"reset-ul lqd-tabs-nav d-flex align-items-center justify-content-between pos-rel\" role=\"tablist\"><li data-controls=\"lqd-tab-1091\" role=\"presentation\" class=\"elementor-repeater-item-4a2100e active text-center\"><a class=\"d-block\" href=\"#lqd-tab-1091\" data-bs-target=\"#lqd-tab-1091\" aria-expanded=\"false\" aria-controls=\"lqd-tab-1091\" role=\"tab\" data-toggle=\"tab\" data-bs-toggle=\"tab\"><span class=\"lqd-tabs-nav-icon d-block\"><span class=\"lqd-tabs-nav-content d-block\"><span class=\"d-block pos-rel h3 mt-0 mb-0\">HEPPs<\/span><\/span><\/span><span class=\"lqd-tabs-nav-progress\"><span class=\"lqd-tabs-nav-progress-inner\"><\/span><\/span><\/a><\/li><\/ul>\t\t\t\t\t\t\t<\/nav>\n\n\t\t\t<div class=\"lqd-tabs-content pos-rel\"><div id=\"lqd-tab-1091\" role=\"tabpanel\" class=\"lqd-tabs-pane fade active in\"><style>.elementor-11400 .elementor-element.elementor-element-8703082{--display:flex;--flex-direction:column;--container-widget-width:100%;--container-widget-height:initial;--container-widget-flex-grow:0;--container-widget-align-self:initial;--flex-wrap-mobile:wrap;--background-transition:0.3s;}.elementor-11400 .elementor-element.elementor-element-fd66d7a{text-align:center;}.elementor-11400 .elementor-element.elementor-element-4605c78{--divider-border-style:solid;--divider-color:var( --e-global-color-8f87e6f );--divider-border-width:8px;}.elementor-11400 .elementor-element.elementor-element-4605c78 > .elementor-widget-container{padding:30px 0px 10px 0px;}.elementor-11400 .elementor-element.elementor-element-4605c78 .elementor-divider-separator{width:16%;margin:0 auto;margin-center:0;}.elementor-11400 .elementor-element.elementor-element-4605c78 .elementor-divider{text-align:center;padding-block-start:15px;padding-block-end:15px;}.elementor-11400 .elementor-element.elementor-element-a3b4015{text-align:center;}.elementor-11400 .elementor-element.elementor-element-21900b9{--display:flex;--flex-direction:row;--container-widget-width:initial;--container-widget-height:100%;--container-widget-flex-grow:1;--container-widget-align-self:stretch;--flex-wrap-mobile:wrap;--gap:0px 0px;--background-transition:0.3s;}.elementor-11400 .elementor-element.elementor-element-cd71446{--display:flex;--flex-direction:column;--container-widget-width:100%;--container-widget-height:initial;--container-widget-flex-grow:0;--container-widget-align-self:initial;--flex-wrap-mobile:wrap;--background-transition:0.3s;--padding-top:33px;--padding-bottom:33px;--padding-left:33px;--padding-right:33px;}.elementor-11400 .elementor-element.elementor-element-8fcaa31 > .elementor-widget-container{margin:0px 0px 20px 0px;}.elementor-11400 .elementor-element.elementor-element-8fcaa31 .elementor-heading-title{font-size:20px;}.elementor-11400 .elementor-element.elementor-element-2161b59{--display:flex;--flex-direction:column;--container-widget-width:100%;--container-widget-height:initial;--container-widget-flex-grow:0;--container-widget-align-self:initial;--flex-wrap-mobile:wrap;--background-transition:0.3s;--padding-top:33px;--padding-bottom:33px;--padding-left:33px;--padding-right:33px;}.elementor-11400 .elementor-element.elementor-element-a1cdd67 > .elementor-widget-container{margin:0px 0px 20px 0px;}.elementor-11400 .elementor-element.elementor-element-a1cdd67 .elementor-heading-title{font-size:20px;}.elementor-11400 .elementor-element.elementor-element-4e5fa34{--display:flex;--flex-direction:column;--container-widget-width:100%;--container-widget-height:initial;--container-widget-flex-grow:0;--container-widget-align-self:initial;--flex-wrap-mobile:wrap;--background-transition:0.3s;--padding-top:33px;--padding-bottom:33px;--padding-left:33px;--padding-right:33px;}.elementor-11400 .elementor-element.elementor-element-326b85d > .elementor-widget-container{margin:0px 0px 20px 0px;}.elementor-11400 .elementor-element.elementor-element-326b85d .elementor-heading-title{font-size:20px;}@media(min-width:768px){.elementor-11400 .elementor-element.elementor-element-cd71446{--width:33%;}.elementor-11400 .elementor-element.elementor-element-2161b59{--width:33%;}.elementor-11400 .elementor-element.elementor-element-4e5fa34{--width:33%;}}<\/style>\t\t<div data-elementor-type=\"section\" data-elementor-id=\"11400\" class=\"elementor elementor-11400\" data-elementor-post-type=\"elementor_library\">\n\t\t\t<div class=\"elementor-element elementor-element-8703082 e-flex e-con-boxed e-con e-parent\" data-id=\"8703082\" data-element_type=\"container\">\n\t\t\t\t\t<div class=\"e-con-inner\">\n\t\t\t\t<div class=\"elementor-element elementor-element-fd66d7a elementor-widget elementor-widget-heading\" data-id=\"fd66d7a\" data-element_type=\"widget\" data-widget_type=\"heading.default\">\n\t\t\t\t<div class=\"elementor-widget-container\">\n\t\t\t<h3 class=\"elementor-heading-title elementor-size-default\">HES Projeleri<\/h3>\t\t<\/div>\n\t\t\t\t<\/div>\n\t\t\t\t<div class=\"elementor-element elementor-element-4605c78 elementor-widget-divider--view-line elementor-widget elementor-widget-divider\" data-id=\"4605c78\" data-element_type=\"widget\" data-widget_type=\"divider.default\">\n\t\t\t\t<div class=\"elementor-widget-container\">\n\t\t\t\t\t<div class=\"elementor-divider\">\n\t\t\t<span class=\"elementor-divider-separator\">\n\t\t\t\t\t\t<\/span>\n\t\t<\/div>\n\t\t\t\t<\/div>\n\t\t\t\t<\/div>\n\t\t\t\t<div class=\"elementor-element elementor-element-a3b4015 elementor-widget elementor-widget-text-editor\" data-id=\"a3b4015\" data-element_type=\"widget\" data-widget_type=\"text-editor.default\">\n\t\t\t\t<div class=\"elementor-widget-container\">\n\t\t\t\t\t\t\tDepolamal\u0131, nehir tipi veya i\u00e7mesuyu \u015febekesi \u00fczerindeki HES projelerinizi bizimle birlikte de\u011ferlendirin ve hayata ge\u00e7irin.\t\t\t\t\t\t<\/div>\n\t\t\t\t<\/div>\n\t\t\t\t\t<\/div>\n\t\t\t\t<\/div>\n\t\t<div class=\"elementor-element elementor-element-21900b9 e-flex e-con-boxed e-con e-parent\" data-id=\"21900b9\" data-element_type=\"container\">\n\t\t\t\t\t<div class=\"e-con-inner\">\n\t\t<div class=\"elementor-element elementor-element-cd71446 e-con-full e-flex e-con e-child\" data-id=\"cd71446\" data-element_type=\"container\">\n\t\t\t\t<div class=\"elementor-element elementor-element-8fcaa31 elementor-hidden-desktop elementor-hidden-tablet elementor-hidden-mobile elementor-widget elementor-widget-heading\" data-id=\"8fcaa31\" data-element_type=\"widget\" data-widget_type=\"heading.default\">\n\t\t\t\t<div class=\"elementor-widget-container\">\n\t\t\t<h2 class=\"elementor-heading-title elementor-size-default\">Su Sistemi Planlama ve Tasar\u0131m\u0131<\/h2>\t\t<\/div>\n\t\t\t\t<\/div>\n\t\t\t\t<div class=\"elementor-element elementor-element-63407d0 elementor-widget elementor-widget-image\" data-id=\"63407d0\" data-element_type=\"widget\" data-widget_type=\"image.default\">\n\t\t\t\t<div class=\"elementor-widget-container\">\n\t\t\t\t\t\t\t\t\t\t\t\t\t<img fetchpriority=\"high\" decoding=\"async\" width=\"1210\" height=\"806\" src=\"https:\/\/kvmmuhendislik.com\/wp-content\/uploads\/2023\/10\/hes1.png\" class=\"attachment-full size-full wp-image-11408\" alt=\"\" srcset=\"https:\/\/kvmmuhendislik.com\/wp-content\/uploads\/2023\/10\/hes1.png 1210w, https:\/\/kvmmuhendislik.com\/wp-content\/uploads\/2023\/10\/hes1-300x200.png 300w, https:\/\/kvmmuhendislik.com\/wp-content\/uploads\/2023\/10\/hes1-1024x682.png 1024w, https:\/\/kvmmuhendislik.com\/wp-content\/uploads\/2023\/10\/hes1-720x480.png 720w, https:\/\/kvmmuhendislik.com\/wp-content\/uploads\/2023\/10\/hes1-600x400.png 600w\" sizes=\"(max-width: 1210px) 100vw, 1210px\" \/>\t\t\t\t\t\t\t\t\t\t\t\t\t<\/div>\n\t\t\t\t<\/div>\n\t\t\t\t<\/div>\n\t\t<div class=\"elementor-element elementor-element-2161b59 e-con-full e-flex e-con e-child\" data-id=\"2161b59\" data-element_type=\"container\">\n\t\t\t\t<div class=\"elementor-element elementor-element-a1cdd67 elementor-hidden-desktop elementor-hidden-tablet elementor-hidden-mobile elementor-widget elementor-widget-heading\" data-id=\"a1cdd67\" data-element_type=\"widget\" data-widget_type=\"heading.default\">\n\t\t\t\t<div class=\"elementor-widget-container\">\n\t\t\t<h2 class=\"elementor-heading-title elementor-size-default\">Yat\u0131r\u0131m Planlama<\/h2>\t\t<\/div>\n\t\t\t\t<\/div>\n\t\t\t\t<div class=\"elementor-element elementor-element-2e34fd1 elementor-widget elementor-widget-image\" data-id=\"2e34fd1\" data-element_type=\"widget\" data-widget_type=\"image.default\">\n\t\t\t\t<div class=\"elementor-widget-container\">\n\t\t\t\t\t\t\t\t\t\t\t\t\t<img decoding=\"async\" width=\"780\" height=\"520\" src=\"data:image\/svg+xml;charset=utf-8,%3Csvg xmlns%3D&#039;http%3A%2F%2Fwww.w3.org%2F2000%2Fsvg&#039; viewBox%3D&#039;0 0 1024 683&#039;%2F%3E\" class=\"attachment-large size-large wp-image-11407 ld-lazyload\" alt=\"\" data-src=\"https:\/\/kvmmuhendislik.com\/wp-content\/uploads\/2023\/10\/hes2-1024x683.png\" data-srcset=\"https:\/\/kvmmuhendislik.com\/wp-content\/uploads\/2023\/10\/hes2-1024x683.png 1024w, https:\/\/kvmmuhendislik.com\/wp-content\/uploads\/2023\/10\/hes2-300x200.png 300w, https:\/\/kvmmuhendislik.com\/wp-content\/uploads\/2023\/10\/hes2-720x480.png 720w, https:\/\/kvmmuhendislik.com\/wp-content\/uploads\/2023\/10\/hes2-600x400.png 600w, https:\/\/kvmmuhendislik.com\/wp-content\/uploads\/2023\/10\/hes2.png 1350w\" data-sizes=\"(max-width: 780px) 100vw, 780px\" data-aspect=\"1.4992679355783\" \/>\t\t\t\t\t\t\t\t\t\t\t\t\t<\/div>\n\t\t\t\t<\/div>\n\t\t\t\t<\/div>\n\t\t<div class=\"elementor-element elementor-element-4e5fa34 e-con-full e-flex e-con e-child\" data-id=\"4e5fa34\" data-element_type=\"container\">\n\t\t\t\t<div class=\"elementor-element elementor-element-326b85d elementor-hidden-desktop elementor-hidden-tablet elementor-hidden-mobile elementor-widget elementor-widget-heading\" data-id=\"326b85d\" data-element_type=\"widget\" data-widget_type=\"heading.default\">\n\t\t\t\t<div class=\"elementor-widget-container\">\n\t\t\t<h2 class=\"elementor-heading-title elementor-size-default\">Su Sistemi Operasyonel Takibi<\/h2>\t\t<\/div>\n\t\t\t\t<\/div>\n\t\t\t\t<div class=\"elementor-element elementor-element-5fc0c68 elementor-widget elementor-widget-image\" data-id=\"5fc0c68\" data-element_type=\"widget\" data-widget_type=\"image.default\">\n\t\t\t\t<div class=\"elementor-widget-container\">\n\t\t\t\t\t\t\t\t\t\t\t\t\t<img decoding=\"async\" width=\"768\" height=\"512\" src=\"data:image\/svg+xml;charset=utf-8,%3Csvg xmlns%3D&#039;http%3A%2F%2Fwww.w3.org%2F2000%2Fsvg&#039; viewBox%3D&#039;0 0 768 512&#039;%2F%3E\" class=\"attachment-large size-large wp-image-11409 ld-lazyload\" alt=\"\" data-src=\"https:\/\/kvmmuhendislik.com\/wp-content\/uploads\/2023\/10\/hes3.png\" data-aspect=\"1.5\" \/>\t\t\t\t\t\t\t\t\t\t\t\t\t<\/div>\n\t\t\t\t<\/div>\n\t\t\t\t<\/div>\n\t\t\t\t\t<\/div>\n\t\t\t\t<\/div>\n\t\t\t\t<\/div>\n\t\t <\/div><\/div>\n\t\t<\/div>\n\t\t\t<\/div>\n\t\t\t\t<\/div>\n\t\t\t\t\t<\/div>\n\t\t\t\t<\/div>\n\t\t\t\t<\/div>\n\t\t","protected":false},"excerpt":{"rendered":"<p>KvM Engineering and Consultancy provides services in hydroelectric power plants as its main service area in the energy sector. Our company, which works with its experienced staff starting from preliminary examination, examination, feasibility, preparation of final project and application project, control and consultancy of projects at different stages, offers engineering and consultancy services at every [&hellip;]<\/p>\n","protected":false},"author":1,"featured_media":0,"parent":0,"menu_order":0,"comment_status":"closed","ping_status":"closed","template":"","meta":{"footnotes":""},"class_list":["post-12123","page","type-page","status-publish","hentry"],"_links":{"self":[{"href":"https:\/\/kvmmuhendislik.com\/en\/wp-json\/wp\/v2\/pages\/12123","targetHints":{"allow":["GET"]}}],"collection":[{"href":"https:\/\/kvmmuhendislik.com\/en\/wp-json\/wp\/v2\/pages"}],"about":[{"href":"https:\/\/kvmmuhendislik.com\/en\/wp-json\/wp\/v2\/types\/page"}],"author":[{"embeddable":true,"href":"https:\/\/kvmmuhendislik.com\/en\/wp-json\/wp\/v2\/users\/1"}],"replies":[{"embeddable":true,"href":"https:\/\/kvmmuhendislik.com\/en\/wp-json\/wp\/v2\/comments?post=12123"}],"version-history":[{"count":10,"href":"https:\/\/kvmmuhendislik.com\/en\/wp-json\/wp\/v2\/pages\/12123\/revisions"}],"predecessor-version":[{"id":12154,"href":"https:\/\/kvmmuhendislik.com\/en\/wp-json\/wp\/v2\/pages\/12123\/revisions\/12154"}],"wp:attachment":[{"href":"https:\/\/kvmmuhendislik.com\/en\/wp-json\/wp\/v2\/media?parent=12123"}],"curies":[{"name":"wp","href":"https:\/\/api.w.org\/{rel}","templated":true}]}}