{"id":12234,"date":"2023-10-06T01:24:53","date_gmt":"2023-10-05T22:24:53","guid":{"rendered":"https:\/\/kvmmuhendislik.com\/urun\/openflows-watercad\/"},"modified":"2023-11-02T01:12:38","modified_gmt":"2023-11-01T22:12:38","slug":"openflows-watercad","status":"publish","type":"product","link":"https:\/\/kvmmuhendislik.com\/en\/product\/openflows-watercad\/","title":{"rendered":"OpenFlows WaterCAD"},"content":{"rendered":"","protected":false},"excerpt":{"rendered":"<p>OpenFlows WaterCAD, m\u00fchendislerin su da\u011f\u0131t\u0131m sistemlerini analiz etmelerine ve tasarlamalar\u0131na yard\u0131mc\u0131 olur. En karma\u015f\u0131k operasyonel stratejileri taklit etmek i\u00e7in de\u011fi\u015fken h\u0131zl\u0131 pompalar\u0131n, bas\u0131nca ba\u011fl\u0131 taleplerin, kurallara dayal\u0131 kontrollerin ve hidrantlar\u0131n \u00e7al\u0131\u015fmas\u0131n\u0131 do\u011fru bir \u015fekilde modeller. OpenFlows WaterCAD, OpenFlows WaterGEMS&#8217;inbir alt k\u00fcmesidir.<\/p>\n","protected":false},"featured_media":11917,"template":"","meta":[],"product_cat":[39],"product_tag":[],"class_list":{"0":"post-12234","1":"product","2":"type-product","3":"status-publish","4":"has-post-thumbnail","6":"product_cat-bentley-en","8":"first","9":"instock","10":"shipping-taxable","11":"product-type-simple"},"_links":{"self":[{"href":"https:\/\/kvmmuhendislik.com\/en\/wp-json\/wp\/v2\/product\/12234","targetHints":{"allow":["GET"]}}],"collection":[{"href":"https:\/\/kvmmuhendislik.com\/en\/wp-json\/wp\/v2\/product"}],"about":[{"href":"https:\/\/kvmmuhendislik.com\/en\/wp-json\/wp\/v2\/types\/product"}],"wp:featuredmedia":[{"embeddable":true,"href":"https:\/\/kvmmuhendislik.com\/en\/wp-json\/wp\/v2\/media\/11917"}],"wp:attachment":[{"href":"https:\/\/kvmmuhendislik.com\/en\/wp-json\/wp\/v2\/media?parent=12234"}],"wp:term":[{"taxonomy":"product_cat","embeddable":true,"href":"https:\/\/kvmmuhendislik.com\/en\/wp-json\/wp\/v2\/product_cat?post=12234"},{"taxonomy":"product_tag","embeddable":true,"href":"https:\/\/kvmmuhendislik.com\/en\/wp-json\/wp\/v2\/product_tag?post=12234"}],"curies":[{"name":"wp","href":"https:\/\/api.w.org\/{rel}","templated":true}]}}